{"id":2,"date":"2023-06-06T09:54:25","date_gmt":"2023-06-06T07:54:25","guid":{"rendered":"https:\/\/aikido-liguepaca-ffaaa.com\/?page_id=2"},"modified":"2026-02-03T13:38:22","modified_gmt":"2026-02-03T12:38:22","slug":"page-d-exemple","status":"publish","type":"page","link":"https:\/\/aikido-liguepaca-ffaaa.com\/","title":{"rendered":"Derni\u00e8res informations&#8230;"},"content":{"rendered":"\n<p><strong>Passages de grades<\/strong>&#8230;<\/p>\n\n\n\n<p><strong>Nous vous informons que les prochaines sessions de passages de grades SHODAN et NIDAN en r\u00e9gion PACA sont fix\u00e9es au 31 mai 2026 \u00e0 St Cyr sur Mer &#8230;<\/strong><\/p>\n\n\n\n<p><\/p>\n\n\n\n<p><\/p>\n","protected":false},"excerpt":{"rendered":"<p>Passages de grades&#8230; Nous vous informons que les prochaines sessions de passages de grades SHODAN et NIDAN en r\u00e9gion PACA sont fix\u00e9es au 31 mai 2026 \u00e0 St Cyr sur Mer &#8230;<\/p>\n","protected":false},"author":1,"featured_media":0,"parent":0,"menu_order":0,"comment_status":"closed","ping_status":"open","template":"","meta":{"footnotes":""},"class_list":["post-2","page","type-page","status-publish","hentry"],"_links":{"self":[{"href":"https:\/\/aikido-liguepaca-ffaaa.com\/index.php\/wp-json\/wp\/v2\/pages\/2","targetHints":{"allow":["GET"]}}],"collection":[{"href":"https:\/\/aikido-liguepaca-ffaaa.com\/index.php\/wp-json\/wp\/v2\/pages"}],"about":[{"href":"https:\/\/aikido-liguepaca-ffaaa.com\/index.php\/wp-json\/wp\/v2\/types\/page"}],"author":[{"embeddable":true,"href":"https:\/\/aikido-liguepaca-ffaaa.com\/index.php\/wp-json\/wp\/v2\/users\/1"}],"replies":[{"embeddable":true,"href":"https:\/\/aikido-liguepaca-ffaaa.com\/index.php\/wp-json\/wp\/v2\/comments?post=2"}],"version-history":[{"count":18,"href":"https:\/\/aikido-liguepaca-ffaaa.com\/index.php\/wp-json\/wp\/v2\/pages\/2\/revisions"}],"predecessor-version":[{"id":525,"href":"https:\/\/aikido-liguepaca-ffaaa.com\/index.php\/wp-json\/wp\/v2\/pages\/2\/revisions\/525"}],"wp:attachment":[{"href":"https:\/\/aikido-liguepaca-ffaaa.com\/index.php\/wp-json\/wp\/v2\/media?parent=2"}],"curies":[{"name":"wp","href":"https:\/\/api.w.org\/{rel}","templated":true}]}}